{"id":6,"date":"2021-01-27T15:55:41","date_gmt":"2021-01-27T14:55:41","guid":{"rendered":"https:\/\/www.asymmetrie.nl\/?page_id=6"},"modified":"2023-05-28T13:15:09","modified_gmt":"2023-05-28T11:15:09","slug":"over-ons","status":"publish","type":"page","link":"https:\/\/www.asymmetrie.nl\/de\/uber-uns","title":{"rendered":"\u00dcBER"},"content":{"rendered":"<p><\/p>\n\n\n\n<p>Als f\u00fchrender Verandaspezialist ist Asymmetry bereit, Ihre Traumveranda zum Leben zu erwecken. Wir garantieren schnelle und erschwingliche L\u00f6sungen, die aus den hochwertigsten Materialien hergestellt werden. Bei Asymmetry haben wir ein strenges Auswahlverfahren: Wir arbeiten nur mit hochwertigen Materialien, die von uns sorgf\u00e4ltig getestet und bewertet wurden. So k\u00f6nnen wir langlebige und au\u00dfergew\u00f6hnlich sch\u00f6ne Veranden installieren, die die \u00c4sthetik und Funktionalit\u00e4t Ihres Hauses verbessern.<\/p>\n\n\n\n<p>Neugierig auf die M\u00f6glichkeiten? Wir laden Sie herzlich ein, mit uns Kontakt aufzunehmen. Gemeinsam erarbeiten wir einen Plan, der Ihren Bed\u00fcrfnissen und W\u00fcnschen entspricht:<\/p>\n\n\n\n<p>E - <a href=\"mailto:info@asymmetrie.nl\">info@asymmetrie.nl<\/a><\/p>\n\n\n\n<p>T - 0546-223087 \/ 06-55544490<\/p>\n\n\n\n<p>Twentelaan 8 | 7609 RE | Almelo<\/p>\n\n\n\n<p>Bei Asymmetry verbinden wir technisches Know-how mit einer Leidenschaft f\u00fcr \u00c4sthetik, um die perfekte Veranda f\u00fcr Ihr Haus zu schaffen. Lassen Sie uns Ihre Traumveranda zur Realit\u00e4t werden!<\/p>","protected":false},"excerpt":{"rendered":"<p>Als toonaangevende veranda specialist, staat Asymmetrie klaar om uw droomveranda tot leven te brengen. Wij staan garant voor snelle en betaalbare oplossingen, vervaardigd uit de meest kwalitatief hoogstaande materialen. Bij Asymmetrie hebben we een rigoureus selectieproces: we werken uitsluitend met topkwaliteit materialen die door ons zorgvuldig zijn getest en beoordeeld. [&hellip;]<\/p>\n","protected":false},"author":1,"featured_media":24,"parent":0,"menu_order":0,"comment_status":"closed","ping_status":"closed","template":"","meta":{"footnotes":""},"class_list":["post-6","page","type-page","status-publish","has-post-thumbnail","hentry"],"_links":{"self":[{"href":"https:\/\/www.asymmetrie.nl\/de\/wp-json\/wp\/v2\/pages\/6","targetHints":{"allow":["GET"]}}],"collection":[{"href":"https:\/\/www.asymmetrie.nl\/de\/wp-json\/wp\/v2\/pages"}],"about":[{"href":"https:\/\/www.asymmetrie.nl\/de\/wp-json\/wp\/v2\/types\/page"}],"author":[{"embeddable":true,"href":"https:\/\/www.asymmetrie.nl\/de\/wp-json\/wp\/v2\/users\/1"}],"replies":[{"embeddable":true,"href":"https:\/\/www.asymmetrie.nl\/de\/wp-json\/wp\/v2\/comments?post=6"}],"version-history":[{"count":7,"href":"https:\/\/www.asymmetrie.nl\/de\/wp-json\/wp\/v2\/pages\/6\/revisions"}],"predecessor-version":[{"id":877,"href":"https:\/\/www.asymmetrie.nl\/de\/wp-json\/wp\/v2\/pages\/6\/revisions\/877"}],"wp:featuredmedia":[{"embeddable":true,"href":"https:\/\/www.asymmetrie.nl\/de\/wp-json\/wp\/v2\/media\/24"}],"wp:attachment":[{"href":"https:\/\/www.asymmetrie.nl\/de\/wp-json\/wp\/v2\/media?parent=6"}],"curies":[{"name":"wp","href":"https:\/\/api.w.org\/{rel}","templated":true}]}}